{"id":19,"date":"2019-08-16T13:39:28","date_gmt":"2019-08-16T12:39:28","guid":{"rendered":"https:\/\/chapel.qodeinteractive.com\/?page_id=19"},"modified":"2021-09-01T14:39:13","modified_gmt":"2021-09-01T12:39:13","slug":"casa","status":"publish","type":"page","link":"https:\/\/www.parrocchiadoberdo.it\/sl\/","title":{"rendered":"Domov"},"content":{"rendered":"<p>[vc_row css=&#8221;.vc_custom_1571749101850{padding-top: 50px !important;padding-right: 25px !important;padding-left: 25px !important;}&#8221;][vc_column]<div class=\"eltdf-elements-holder   eltdf-three-columns  eltdf-responsive-mode-768 \" ><div class=\"eltdf-eh-item    \"  data-item-class=\"eltdf-eh-custom-9215\" data-681-768=\"0px 25px\" data-680=\"0px 5px\">\n\t<div class=\"eltdf-eh-item-inner\">\n\t\t<div class=\"eltdf-eh-item-content eltdf-eh-custom-9215\" style=\"padding: 50px 25px\">\n\t\t\t<div class=\"eltdf-banner-holder  eltdf-visible-on-default eltdf-banner-info-centered\">\n    <div class=\"eltdf-banner-image\">\n        <img loading=\"lazy\" decoding=\"async\" width=\"600\" height=\"300\" src=\"https:\/\/www.parrocchiadoberdo.it\/wp-content\/uploads\/2019\/10\/parrocchi-adoberdo-4.jpg\" class=\"attachment-full size-full\" alt=\"\" srcset=\"https:\/\/www.parrocchiadoberdo.it\/wp-content\/uploads\/2019\/10\/parrocchi-adoberdo-4.jpg 600w, https:\/\/www.parrocchiadoberdo.it\/wp-content\/uploads\/2019\/10\/parrocchi-adoberdo-4-300x150.jpg 300w\" sizes=\"(max-width: 600px) 100vw, 600px\" \/>    <\/div>\n    <div class=\"eltdf-banner-text-holder\" >\n\t    <div class=\"eltdf-banner-text-outer\">\n\t\t    <div class=\"eltdf-banner-text-inner\">\n\t\t        \t\t        \t\t            <h4 class=\"eltdf-banner-title\" >\n\t\t                Jamlje\t                <\/h4>\n\t\t        \t\t\t<\/div>\n\t\t<\/div>\n\t<\/div>\n\t        <a itemprop=\"url\" class=\"eltdf-banner-link\" href=\"\/sl\/jamlje\" target=\"_self\"><\/a>\n    <\/div>\t\t<\/div>\n\t<\/div>\n<\/div><div class=\"eltdf-eh-item    \"  data-item-class=\"eltdf-eh-custom-9862\" data-680=\"30px 5px\">\n\t<div class=\"eltdf-eh-item-inner\">\n\t\t<div class=\"eltdf-eh-item-content eltdf-eh-custom-9862\" style=\"padding: 50px 25px\">\n\t\t\t<div class=\"eltdf-banner-holder  eltdf-visible-on-default eltdf-banner-info-centered\">\n    <div class=\"eltdf-banner-image\">\n        <img loading=\"lazy\" decoding=\"async\" width=\"600\" height=\"300\" src=\"https:\/\/www.parrocchiadoberdo.it\/wp-content\/uploads\/2019\/10\/parrocchi-adoberdo-2.jpg\" class=\"attachment-full size-full\" alt=\"\" srcset=\"https:\/\/www.parrocchiadoberdo.it\/wp-content\/uploads\/2019\/10\/parrocchi-adoberdo-2.jpg 600w, https:\/\/www.parrocchiadoberdo.it\/wp-content\/uploads\/2019\/10\/parrocchi-adoberdo-2-300x150.jpg 300w\" sizes=\"(max-width: 600px) 100vw, 600px\" \/>    <\/div>\n    <div class=\"eltdf-banner-text-holder\" >\n\t    <div class=\"eltdf-banner-text-outer\">\n\t\t    <div class=\"eltdf-banner-text-inner\">\n\t\t        \t\t        \t\t            <h4 class=\"eltdf-banner-title\" >\n\t\t                Doberdob\t                <\/h4>\n\t\t        \t\t\t<\/div>\n\t\t<\/div>\n\t<\/div>\n\t        <a itemprop=\"url\" class=\"eltdf-banner-link\" href=\"\/sl\/doberdob\/\" target=\"_self\"><\/a>\n    <\/div>\t\t<\/div>\n\t<\/div>\n<\/div><div class=\"eltdf-eh-item    \"  data-item-class=\"eltdf-eh-custom-3757\" data-680=\"30px 5px\">\n\t<div class=\"eltdf-eh-item-inner\">\n\t\t<div class=\"eltdf-eh-item-content eltdf-eh-custom-3757\" style=\"padding: 50px 25px\">\n\t\t\t<div class=\"eltdf-banner-holder  eltdf-visible-on-default eltdf-banner-info-centered\">\n    <div class=\"eltdf-banner-image\">\n        <img loading=\"lazy\" decoding=\"async\" width=\"600\" height=\"300\" src=\"https:\/\/www.parrocchiadoberdo.it\/wp-content\/uploads\/2019\/10\/parrocchi-adoberdo-6.jpg\" class=\"attachment-full size-full\" alt=\"\" srcset=\"https:\/\/www.parrocchiadoberdo.it\/wp-content\/uploads\/2019\/10\/parrocchi-adoberdo-6.jpg 600w, https:\/\/www.parrocchiadoberdo.it\/wp-content\/uploads\/2019\/10\/parrocchi-adoberdo-6-300x150.jpg 300w\" sizes=\"(max-width: 600px) 100vw, 600px\" \/>    <\/div>\n    <div class=\"eltdf-banner-text-holder\" >\n\t    <div class=\"eltdf-banner-text-outer\">\n\t\t    <div class=\"eltdf-banner-text-inner\">\n\t\t        \t\t        \t\t            <h4 class=\"eltdf-banner-title\" >\n\t\t                Fotografije\t                <\/h4>\n\t\t        \t\t\t<\/div>\n\t\t<\/div>\n\t<\/div>\n\t        <a itemprop=\"url\" class=\"eltdf-banner-link\" href=\"\/sl\/galerija\/\" target=\"_self\"><\/a>\n    <\/div>\t\t<\/div>\n\t<\/div>\n<\/div><\/div>[\/vc_column][\/vc_row][vc_row][vc_column]<div class=\"eltdf-dual-stack-showcase  eltdf-left-layout eltdf-bg-image-type eltdf-navigation-numbers   eltdf-lh-custom-1787\" data-item-class=\"eltdf-lh-custom-1787\" data-1025-1440=\"131px 11% 120px\" data-480=\"131px 10% 120px\">\n\t\t\t<div class=\"eltdf-dss-image\" style=\"background-image: url(https:\/\/www.parrocchiadoberdo.it\/wp-content\/uploads\/2019\/10\/san-martino-chiesa-1.jpg);background-repeat: no-repeat;background-size: cover;background-position: center center;width: calc(100% - 41%)\">\n\t\t\t<img loading=\"lazy\" decoding=\"async\" width=\"1122\" height=\"525\" src=\"https:\/\/www.parrocchiadoberdo.it\/wp-content\/uploads\/2019\/10\/san-martino-chiesa-1.jpg\" class=\"attachment-full size-full\" alt=\"\" srcset=\"https:\/\/www.parrocchiadoberdo.it\/wp-content\/uploads\/2019\/10\/san-martino-chiesa-1.jpg 1122w, https:\/\/www.parrocchiadoberdo.it\/wp-content\/uploads\/2019\/10\/san-martino-chiesa-1-300x140.jpg 300w, https:\/\/www.parrocchiadoberdo.it\/wp-content\/uploads\/2019\/10\/san-martino-chiesa-1-768x359.jpg 768w, https:\/\/www.parrocchiadoberdo.it\/wp-content\/uploads\/2019\/10\/san-martino-chiesa-1-1024x479.jpg 1024w\" sizes=\"(max-width: 1122px) 100vw, 1122px\" \/>\t\t<\/div>\n\t\t<div class=\"eltdf-dss-content\" style=\"width: 41%\">\n\t\t<div class=\"eltdf-dss-content-inner\" >\n\t\t\t<div class=\"eltdf-section-title-holder  \" >\n\t<div class=\"eltdf-st-inner\">\n\t\t\t\t\t<div class=\"eltdf-st-tagline\" >\n\t\t\t\t\u017dupnija Doberdob\t\t\t<\/div>\n\t\t\t\t\t\t\t<h2 class=\"eltdf-st-title\" >\n\t\t\t\tDOBRODO\u0160LI\t\t\t<\/h2>\n\t\t\t\t\t\t\t\t\t<p class=\"eltdf-st-text\" >\n\t\t\t\t\u017dupnik Ambro\u017e Kodelja vam predstavlja spletno stran \u017eupnije Sv. Martina v Doberdobu, najve\u010dji ob\u010dini na Gori\u0161kem krasu v Italiji.. Kraj je poznan po velikih bitkah v prvi svetovi vojni. Cerkveno spada \u017eupnija pod GORI\u0160KO NAD\u0160KOFIJO, vklju\u010dena je v slovenski dekanat \u0160tandre\u017e. \u017dupnijska skupnost biva na etni\u010d no me\u0161anem ozemlju, zato je njena spletna stran dvoje\u017ei\u010dna. Hvala vsem obiskovalcem!\t\t\t<\/p>\n\t\t\t\t\t<\/div>\n<\/div>[vc_empty_space height=&#8221;50px&#8221;]\t\t<\/div>\n\t<\/div>\n<\/div>[\/vc_column][\/vc_row]<\/p>\n","protected":false},"excerpt":{"rendered":"<p>[vc_row css=&#8221;.vc_custom_1571749101850{padding-top: 50px !important;padding-right: 25px !important;padding-left: 25px !important;}&#8221;][vc_column][\/vc_column][\/vc_row][vc_row][vc_column][\/vc_column][\/vc_row]<\/p>\n","protected":false},"author":1,"featured_media":0,"parent":0,"menu_order":0,"comment_status":"closed","ping_status":"closed","template":"full-width.php","meta":{"footnotes":""},"_links":{"self":[{"href":"https:\/\/www.parrocchiadoberdo.it\/sl\/wp-json\/wp\/v2\/pages\/19"}],"collection":[{"href":"https:\/\/www.parrocchiadoberdo.it\/sl\/wp-json\/wp\/v2\/pages"}],"about":[{"href":"https:\/\/www.parrocchiadoberdo.it\/sl\/wp-json\/wp\/v2\/types\/page"}],"author":[{"embeddable":true,"href":"https:\/\/www.parrocchiadoberdo.it\/sl\/wp-json\/wp\/v2\/users\/1"}],"replies":[{"embeddable":true,"href":"https:\/\/www.parrocchiadoberdo.it\/sl\/wp-json\/wp\/v2\/comments?post=19"}],"version-history":[{"count":106,"href":"https:\/\/www.parrocchiadoberdo.it\/sl\/wp-json\/wp\/v2\/pages\/19\/revisions"}],"predecessor-version":[{"id":3298,"href":"https:\/\/www.parrocchiadoberdo.it\/sl\/wp-json\/wp\/v2\/pages\/19\/revisions\/3298"}],"wp:attachment":[{"href":"https:\/\/www.parrocchiadoberdo.it\/sl\/wp-json\/wp\/v2\/media?parent=19"}],"curies":[{"name":"wp","href":"https:\/\/api.w.org\/{rel}","templated":true}]}}