{"id":2220,"date":"2019-08-12T14:50:37","date_gmt":"2019-08-12T13:50:37","guid":{"rendered":"https:\/\/chapel.qodeinteractive.com\/?page_id=3"},"modified":"2019-10-29T08:59:59","modified_gmt":"2019-10-29T07:59:59","slug":"politika-zasebnosti","status":"publish","type":"page","link":"https:\/\/www.parrocchiadoberdo.it\/sl\/politika-zasebnosti\/","title":{"rendered":"Politika zasebnosti"},"content":{"rendered":"<p>[vc_row css=&#8221;.vc_custom_1572334197528{padding-bottom: 132px !important;}&#8221;][vc_column][vc_column_text]<strong>Politika zasebnosti<\/strong><\/p>\n<p>Politika zasebnosti ureja zbiranje, hrambo in obdelavo osebnih podatkov, ki se zbirajo, ko obi\u0161\u010dete na\u0161o spletno stran, izpolnite kontaktni obrazec na spletni strani oz. se izrecno strinjate z obdelavo podatkov v namen obve\u0161\u010danja (e-novice, posebne ponudbe, nasveti, obve\u0161\u010danje o dogodkih ipd.).<\/p>\n<p>&nbsp;<\/p>\n<p><strong>Upravljavec<\/strong><\/p>\n<p>(kot ga dolo\u010da Splo\u0161na uredba EU o varstvu osebnih podatkov (GDPR) in veljavna zakonodaja, ki ureja varstvo osebnih podatkov):<\/p>\n<p><strong>Cerkev sv. Martina<\/strong><\/p>\n<p><a href=\"https:\/\/www.google.com\/maps\/place\/34070+Doberdob,+Gorica,+Italija\/@45.80422,13.3061507,9z\/data=!4m5!3m4!1s0x477b0820028a3769:0x61c8d2abe9297859!8m2!3d45.8433866!4d13.5394059\" target=\"_blank\" rel=\"noopener noreferrer\">Via Gorizia 8, 34070 Doberd\u00f2 del Lago &#8211; GO<\/a><\/p>\n<p>Telefon: <a href=\"tel:+39048178004\" target=\"_blank\" rel=\"noopener noreferrer\">+39 0481 78004<\/a><\/p>\n<p>E-mail: <a href=\"mailto:ambroz.kodelja@gmail.com\" target=\"_blank\" rel=\"noopener noreferrer\">ambroz.kodelja@gmail.com<\/a><\/p>\n<p>Upravljavec spo\u0161tuje va\u0161o zasebnost in je zavezan, da pri zbiranju, hrambi in obdelavi osebnih podatkov ravna skrbno in v skladu z veljavnimi predpisi o varstvu osebnih podatkov. Da bi lahko osebne podatke, ki ste nam jih zaupali, uporabljali, hranili in obdelovali za dolo\u010dene namene, potrebujemo va\u0161o privolitev.<\/p>\n<p>&nbsp;<\/p>\n<p><strong>Soglasje o varovanju in obdelavi osebnih podatkov<\/strong><\/p>\n<p><strong>Osebni podatki in namen obdelave<\/strong><\/p>\n<p>Upravljavec za prijavo uporablja strogi sistem predhodne odobritve uporabe e-naslova (t. i. opt-in), kar pomeni, da vam po\u0161ilja elektronsko po\u0161to zgolj, \u010de se izrecno strinjate, da \u017eelite prejemati elektronska obvestila \u2013 z va\u0161im jasnim in nedvoumnim soglasjem (v skladu s splo\u0161no uredbo EU o varstvu osebnih podatkov \u2013 GDPR).<\/p>\n<p>&nbsp;<\/p>\n<p><strong>KONTAKTNI OBRAZEC<\/strong><\/p>\n<p>Podatke, ki nam jih zaupate na kontaktnem obrazcu na spletni strani, potrebujemo, da vam lahko odgovorimo na va\u0161e povpra\u0161evanje. Va\u0161ih podatkov za druge namene ne obdelujemo in jih ne posredujemo tretjim osebam. Preden izberete potrditveno polje od vas potrebujemo izrecno privolitev, da se strinjate z na\u0161o politiko zasebnosti.<\/p>\n<p>&nbsp;<\/p>\n<p><strong>E-NOVICE<\/strong><\/p>\n<p>V primeru, da \u017eelite prejemati elektronska obvestila (e-novice, posebne ponudbe, nasveti, obve\u0161\u010danje o dogodkih ipd.) od vas potrebujemo izrecno privolitev preden izberete potrditveno polje na spletnem obrazcu.<\/p>\n<p>Z izpolnitvijo in potrditvijo spletnega obrazca posredujete upravljavcu naslednje kontaktne podatke:<br \/>\n\u2022 Ime<br \/>\n\u2022 Priimek<br \/>\n\u2022 E-po\u0161tni naslov<\/p>\n<p>Kontaktne podatke, ki nam jih posredujete ob oddaji spletnega obrazca, potrebujemo izklju\u010dno za namene obve\u0161\u010danja o novostih ter za namene personaliziranja obvestil (povezovanje z dru\u017ebenimi platformami Facebook, AdWords\u2026), v kolikor ste podali tak\u0161no soglasje.<\/p>\n<p>Soglasje za obdelavo osebnih podatkov podate s tem, ko na spletni strani na spletnem obrazcu kliknete potrditveno polje. Svoje soglasje lahko kadarkoli umaknete, in sicer tako, da zahtevek po\u0161ljete po elektronski po\u0161ti upravljalcu. V primeru umika soglasja ne bomo ve\u010d uporabljali va\u0161ih osebnih podatkov za obve\u0161\u010danje o vsebinah. Morebiten umik soglasja ne vpliva na zakonitost obdelave va\u0161ih osebnih podatkov v \u010dasu, preden je bil umik podan.<\/p>\n<p>&nbsp;<\/p>\n<p><strong>\u010cas hrambe osebnih podatkov<\/strong><\/p>\n<p>Osebni podatki se hranijo toliko \u010dasa, kolikor je potrebno za dosego namena (po\u0161iljanje vsebin za namene obve\u0161\u010danja). Podatke, ki so pridobljeni na podlagi privolitve, hranimo do preklica. V primeru, ko veljavna zakonodaja dolo\u010da obvezne roke za hrambo osebnih podatkov, upravljavec izbri\u0161e osebne podatke po poteku z zakonom predpisanega obveznega roka.<\/p>\n<p>&nbsp;<\/p>\n<p><strong>PI\u0160KOTKI<\/strong><\/p>\n<p>Na\u0161e spletno mesto uporablja pi\u0161kotke, ki obiskovalcu ali uporabniku omogo\u010dajo prikaz in uporabo na\u0161ih spletnih strani, prilagojeno njegovim \u017eeljam. Pi\u0161kotek je majhna besedilna datoteka, ki jo spletni stre\u017enik shrani na disku va\u0161ega ra\u010dunalnika. Glavni namen pi\u0161kotka je, da v ra\u010dunalnik shrani va\u0161e nastavitve in druge podatke, tako da ti jih ob naslednjem obisku na\u0161ih spletnih strani ni potrebno ve\u010d vna\u0161ati. Uporaba pi\u0161kotov je ustaljen postopek na ve\u010dini spletnih mest. Standardne nastavitve brskalnika omogo\u010dajo uporabo pi\u0161kotov. V kolikor se z njihovo uporabo ne strinjate, lahko spremenite nastavitve brskalnika tako, da bo sprejemanje pi\u0161kotov onemogo\u010deno, vendar to lahko omeji zmo\u017enost va\u0161e komunikacije z na\u0161im spletnim mestom. Tudi \u010de pi\u0161kotke sprejmete, jih lahko pozneje \u0161e vedno izbri\u0161ete z orodji va\u0161ega brskalnika. Pi\u0161kotke uporabljamo izklju\u010dno z namenom bolj\u0161e izku\u0161nje posameznega obiskovalca ali uporabnika.<\/p>\n<p>Na\u0161e spletno mesto zbira tudi podatke o va\u0161i uporabi na\u0161ega spletnega mesta in spletnih storitev. Z\u2009na\u0161im orodjem za analizo spletnega mesta lahko na primer iz va\u0161ega brskalnika pridobimo informacije o tem, s katerega spletnega mesta ste pri\u0161li, s katerim iskalnikom in klju\u010dnimi besedami ste nas poiskali, katere strani ste si ogledali na na\u0161em spletnem mestu ter katere dodatke, kak\u0161no \u0161irino in vi\u0161ino uporablja va\u0161 brskalnik. Poleg tega zbiramo obi\u010dajne informacije, ki jih brskalnik po\u0161lje vsakemu obiskanemu spletnemu mestu, na primer naslov IP, vrsto in jezik brskalnika, \u010das dostopa in naslove spletnih mest. Vsi ti podatki se zbirajo izklju\u010dno za potrebe vodenja statistike obiskanosti na\u0161ega spletnega mesta.<\/p>\n<p>&nbsp;<\/p>\n<p><strong>VRSTE PI\u0160KOTKOV, KI JIH UPORABLJAMO NA TEJ SPLETNI STRANI<\/strong><\/p>\n<ol>\n<li><strong>Nujno potrebni pi\u0161kotki<\/strong><\/li>\n<\/ol>\n<p>Tovrstni pi\u0161kotki omogo\u010dajo uporabo nujno potrebnih komponent za pravilno delovanje spletne strani. Brez teh pi\u0161kotov servisi, ki jih \u017eelite uporabljati na tej spletni strani, ne bi delovali pravilno (npr. prijava, varnosti&#8230;).<\/p>\n<ol start=\"2\">\n<li><strong>Izkustveni pi\u0161kotki<\/strong><\/li>\n<\/ol>\n<p>Tovrstni pi\u0161kotki zbirajo podatke, kako se obiskovalci ali uporabniki vedejo na spletni strani z namenom izbolj\u0161anja izkustvene komponente spletne strani (npr. katere dele spletne strani obiskujejo najpogosteje&#8230;). Ti pi\u0161kotki ne zbirajo informacij, preko katerih bi lahko identificirali obiskovalca ali uporabnika.<\/p>\n<ol start=\"3\">\n<li><strong>Funkcionalni pi\u0161kotki<\/strong><\/li>\n<\/ol>\n<p>Tovrstni pi\u0161kotki omogo\u010dajo spletni strani, da si zapomni nekatere va\u0161e nastavitve in izbire (uporabni\u0161ko ime, jezik, regijo&#8230;) in zagotavlja napredne, personalizirane funkcije. Tovrstni pi\u0161kotki lahko omogo\u010dajo sledenje va\u0161im akcijam na spletni strani.<\/p>\n<ol start=\"4\">\n<li><strong>Oglasni ali ciljani pi\u0161kotki<\/strong><\/li>\n<\/ol>\n<p>Tovrstne pi\u0161kotke najpogosteje uporabljajo ogla\u0161evalska in dru\u017eabna omre\u017eja (tretje strani) z namenom, da vam prika\u017eejo bolj ciljane oglase, omejujejo ponavljanje oglasov ali merijo u\u010dinkovitost ogla\u0161evalskih akcij. Tovrstni pi\u0161kotki lahko omogo\u010dajo sledenje va\u0161im akcijam na spletu.<\/p>\n<p>&nbsp;<\/p>\n<p><strong>Prednosti pi\u0161kotkov<\/strong><\/p>\n<p>Ob uporabi iste naprave in brskalnika so pi\u0161koti nadvse uporabni, saj si lahko na primer zapomnijo va\u0161e nastavitve, pomagajo nam spremljati, kako uporabljate na\u0161e strani in naredijo prikazano vsebino bolj ustrezno va\u0161im interesom in potrebam. Nobeni pi\u0161kotki, ki jih uporabljamo na svojih spletnih mestih, ne zbirajo podatkov, s katerimi bi vas bilo mogo\u010de osebno prepoznati. Spodaj najdete preglednico, v kateri so navedeni glavni pi\u0161kotki, ki se uporabljajo na na\u0161ih spletnih mestih, s pojasnilom, \u010demu so namenjeni.<\/p>\n<table width=\"100%\">\n<tbody>\n<tr>\n<td width=\"120\">Vir pi\u0161kotka<\/td>\n<td width=\"72\">Ime pi\u0161kotka<\/td>\n<td width=\"120\">Namen<\/td>\n<td width=\"104\">Trajanje<\/td>\n<td width=\"104\">Posredovanje tretjim osebam<\/td>\n<\/tr>\n<tr>\n<td width=\"120\">Google Analytics<\/td>\n<td width=\"72\">_utma<\/td>\n<td width=\"120\">Zabele\u017ei razlikovanje med uporabniki in sejami<\/td>\n<td width=\"104\">2 leti<\/td>\n<td width=\"104\">Ne<\/td>\n<\/tr>\n<tr>\n<td width=\"120\">Google Analytics<\/td>\n<td width=\"72\">_utmb<\/td>\n<td width=\"120\">Zabele\u017ei novo sejo ali novega uporabnika<\/td>\n<td width=\"104\">30 min<\/td>\n<td width=\"104\">Ne<\/td>\n<\/tr>\n<tr>\n<td width=\"120\">Google Analytics<\/td>\n<td width=\"72\">_utmc<\/td>\n<td width=\"120\">Zabele\u017ei \u010das trajanja obiska<\/td>\n<td width=\"104\">Trajanje seje<\/td>\n<td width=\"104\">Ne<\/td>\n<\/tr>\n<tr>\n<td width=\"120\">Google Analytics<\/td>\n<td width=\"72\">_utmz<\/td>\n<td width=\"120\">Dolo\u010da vir prometa ali ogla\u0161evalsko akcijo<\/td>\n<td width=\"104\">6 mesecev<\/td>\n<td width=\"104\">Ne<\/td>\n<\/tr>\n<\/tbody>\n<\/table>\n<p>&nbsp;<\/p>\n<p><strong>\u010cas hrambe pi\u0161kotkov<\/strong><\/p>\n<p>Odvisno od vrste pi\u0161kotkov. Pi\u0161kotki seje pote\u010dejo, ko zaprete spletni brskalnik. Trajni pi\u0161kotki lahko pote\u010dejo \u0161ele po nekaj mesecih ali celo nekaj letih.<\/p>\n<p>&nbsp;<\/p>\n<p><strong>Upravljanje in brisanje pi\u0161kotkov<\/strong><\/p>\n<p>Z uporabo tega spletnega mesta se strinjate, da to spletno mesto nastavi pi\u0161kotke na va\u0161em ra\u010dunalniku ali mobilni napravi.<\/p>\n<p>\u010ce \u017eelite spremeniti na\u010din uporabe pi\u0161kotkov v brskalniku, vklju\u010dno z blokiranjem ali izbrisom, lahko to storite z ustrezno spremembo nastavitev brskalnika. Postopek za upravljanje in brisanje pi\u0161kotkov se razlikuje glede na brskalnik, ki ga uporabljate. \u010ce \u017eelite izvedeti, kako to storite z dolo\u010denim brskalnikom, lahko uporabite funkcijo pomo\u010di v brskalniku ali pa obi\u0161\u010dete http:\/\/www.aboutcookies.org, ki korak za korakom pojasni, kako upravljati ali izbrisati pi\u0161kotke v ve\u010dini brskalnikov.[\/vc_column_text][\/vc_column][\/vc_row]<\/p>\n","protected":false},"excerpt":{"rendered":"<p>[vc_row css=&#8221;.vc_custom_1572334197528{padding-bottom: 132px !important;}&#8221;][vc_column][vc_column_text]Politika zasebnosti Politika zasebnosti ureja zbiranje, hrambo in obdelavo osebnih podatkov, ki se zbirajo, ko obi\u0161\u010dete na\u0161o spletno stran, izpolnite kontaktni obrazec na spletni strani oz. se izrecno strinjate z obdelavo podatkov v namen obve\u0161\u010danja (e-novice, posebne ponudbe, nasveti, obve\u0161\u010danje o dogodkih ipd.). &nbsp; Upravljavec (kot ga dolo\u010da Splo\u0161na uredba EU o varstvu osebnih podatkov (GDPR) in veljavna zakonodaja, ki ureja varstvo osebnih podatkov): Cerkev sv. Martina Via Gorizia 8, 34070 Doberd\u00f2 del Lago &#8211; GO Telefon: [&hellip;]<\/p>\n","protected":false},"author":1,"featured_media":0,"parent":0,"menu_order":0,"comment_status":"closed","ping_status":"closed","template":"","meta":{"footnotes":""},"_links":{"self":[{"href":"https:\/\/www.parrocchiadoberdo.it\/sl\/wp-json\/wp\/v2\/pages\/2220"}],"collection":[{"href":"https:\/\/www.parrocchiadoberdo.it\/sl\/wp-json\/wp\/v2\/pages"}],"about":[{"href":"https:\/\/www.parrocchiadoberdo.it\/sl\/wp-json\/wp\/v2\/types\/page"}],"author":[{"embeddable":true,"href":"https:\/\/www.parrocchiadoberdo.it\/sl\/wp-json\/wp\/v2\/users\/1"}],"replies":[{"embeddable":true,"href":"https:\/\/www.parrocchiadoberdo.it\/sl\/wp-json\/wp\/v2\/comments?post=2220"}],"version-history":[{"count":8,"href":"https:\/\/www.parrocchiadoberdo.it\/sl\/wp-json\/wp\/v2\/pages\/2220\/revisions"}],"predecessor-version":[{"id":2864,"href":"https:\/\/www.parrocchiadoberdo.it\/sl\/wp-json\/wp\/v2\/pages\/2220\/revisions\/2864"}],"wp:attachment":[{"href":"https:\/\/www.parrocchiadoberdo.it\/sl\/wp-json\/wp\/v2\/media?parent=2220"}],"curies":[{"name":"wp","href":"https:\/\/api.w.org\/{rel}","templated":true}]}}