{"id":2919,"date":"2020-02-04T15:42:34","date_gmt":"2020-02-04T14:42:34","guid":{"rendered":"https:\/\/www.parrocchiadoberdo.it\/?page_id=2919"},"modified":"2021-09-30T19:54:55","modified_gmt":"2021-09-30T17:54:55","slug":"doberdob","status":"publish","type":"page","link":"https:\/\/www.parrocchiadoberdo.it\/sl\/doberdob\/","title":{"rendered":"Doberdob"},"content":{"rendered":"<p>[vc_row css=&#8221;.vc_custom_1630683055843{margin-top: 40px !important;}&#8221;][vc_column width=&#8221;1\/2&#8243;][vc_column_text]<\/p>\n<h2>\u017dupnijska cerkev sv. Martina \u2013 Doberdob<\/h2>\n<p style=\"text-align: justify;\">Na Kras so prvi Slovani verjetno pri\u0161li ob vdoru langobardskega kralja Alboina v severno Italijo aprila 568. Ali so se tedaj tudi za stalno naselili, so razli\u010dna mnenja, kot so tudi razli\u010dna mnenja, ali je ozemlje bilo \u017ee naseljeno ali ne.<br \/>\nDoberdob je najprej spadal pod benediktinsko opatijo \u0160tivan. Od tu so na\u0161i predniki dobivali prvi nauk o veri in gospodarstvu. Menihi so ve\u010dinoma bili Francozi, so pa znali tudi na\u0161 jezik. Pozneje je Doberdob spadal pod Devin.<br \/>\nV videmskem arhivu oglejskega patriarhata je v omari \u00bbEx parte imperii\u00ab sve\u017eenj dokumentov z napisom Monfalcone \u2013 Tr\u017ei\u010d. V njem je last, ki govori o pozivu na patriarhovo sodi\u0161\u010de v zvezi z lastninsko pravico in se za\u010dne: \u00bbMCDXCN dio Jovis est penultima mensis Januari \u2026 habitantem in villa Doberdo districtus Goriciae \u2026\u00ab (Leta 1949, \u010detrtek in predzadnji dan meseca januarja \u2026 ki biva v vasi Doberdob v Gori\u0161kem okraju \u2026). Tako je leta 1494 po dosedanjem vedenju prvi\u010d omenjen Doberdob! (Ta letnica je napisana tudi v sredini na\u0161ega mozaika na por\u010delju cerkve).<\/p>\n<p>[\/vc_column_text][\/vc_column][vc_column width=&#8221;1\/2&#8243; css=&#8221;.vc_custom_1630683252056{margin-top: 130px !important;}&#8221;][vc_single_image image=&#8221;3429&#8243; img_size=&#8221;full&#8221;][\/vc_column][\/vc_row][vc_row css=&#8221;.vc_custom_1630683063368{margin-top: 50px !important;}&#8221;][vc_column width=&#8221;1\/2&#8243;][vc_single_image image=&#8221;3281&#8243; img_size=&#8221;full&#8221;][\/vc_column][vc_column width=&#8221;1\/2&#8243;][vc_column_text]<\/p>\n<p style=\"text-align: justify;\">Cerkev, ki je imela nekaj kamnitih detajlov kme\u010dkega baroka in ki jo je posvetil gori\u0161ki nad\u0161kof Karel Mihael grof Attems 8. maja 1785, je bila poru\u0161ena v prvi svetovni vojni. Ohranjeni so: dva angela, ki sta sedaj na glavnem oltarju, dve postaji kri\u017eevega pota, kropilnik in procesijski kri\u017e. Sedanja cerkev je bila dokon\u010dana na veliko no\u010d 1925. Oltarno sliko sv. Martina in podobi sv. Jo\u017eefa in sv. Ane je naslikala gori\u0161ka slikarka Ema Galli.<br \/>\nLeta 1995 je bil urejen prezbiterij. Ambon ima na spodnjem delu vse va\u017enej\u0161e letnice, ki so pomembne za \u017eupnijo, zgoraj pa relief sv. Cirila in Metoda, zavetnikov Evrope, in je kopija dela akademskega kiparja Borisa Klina, rojenega v Solkanu.<br \/>\nOb krstnem kamnu stoji kip sv. Janeza Krstnika, delo akademskega kiparja Vinka Ribnikarja (1998). Pod korom je velika oljna slika Kra\u0161ka apokalipsa, delo na\u0161ega rojaka akademskega slikarja Vladimirja Lakovi\u010da, ki jo je leta 1969 podaril \u017eupniji. Ob njej je njegov akvarel Veronikin prt (1970).<br \/>\nKri\u017eev pot je 1999. leta naslikala akademska slikarka Alexa Ivanc \u2013 Olivieri, Slovenka, ki je \u017eivela na Korziki in tam umrla leta 2010.<br \/>\nDvomanualne orgle je izdelal gori\u0161ki orglarski mojster Bogomil Wali\u010dek leta 1960. Bile so renovirane leta 2002. Od leta 1997 krasi pro\u010delje mozai\u010dni triptih z \u017eupnijskimi zavetniki: sv. Urhom, Marijo in sv. Martinom, nad katerimi so v polkro\u017enih ni\u0161ah ornamentiko prepleteni slovenski napisi.<br \/>\nV zvoniku so trije zvonovi, ugla\u0161eni na A, GIS in E.<\/p>\n<p>[\/vc_column_text][\/vc_column][\/vc_row][vc_row][vc_column][vc_empty_space height=&#8221;50px&#8221;][vc_video link=&#8221;https:\/\/www.youtube.com\/watch?v=QEeXHwJU7Io&#8221;][vc_empty_space height=&#8221;50px&#8221;][vc_video link=&#8221;https:\/\/www.youtube.com\/watch?v=06C3aX6cAJE&#8221;][vc_empty_space height=&#8221;50px&#8221;][vc_video link=&#8221;https:\/\/www.youtube.com\/watch?v=lj71NvyOHGY&#8221;][\/vc_column][\/vc_row][vc_row][vc_column][vc_empty_space height=&#8221;60px&#8221;]<div class=\"eltdf-image-gallery eltdf-grid-list eltdf-disable-bottom-space  eltdf-ig-grid-type eltdf-four-columns eltdf-no-space eltdf-has-shadow eltdf-image-behavior-grayscale eltdf-navigation-numbers   \">\n\t<div class=\"eltdf-ig-inner eltdf-outer-space\">\n\t\t\t\t\t<div class=\"eltdf-ig-image eltdf-item-space\">\n\t\t\t\t<div class=\"eltdf-ig-image-inner\">\n\t\t\t\t\t<img loading=\"lazy\" decoding=\"async\" width=\"600\" height=\"300\" src=\"https:\/\/www.parrocchiadoberdo.it\/wp-content\/uploads\/2019\/10\/parrocchi-adoberdo-6.jpg\" class=\"attachment-full size-full\" alt=\"\" srcset=\"https:\/\/www.parrocchiadoberdo.it\/wp-content\/uploads\/2019\/10\/parrocchi-adoberdo-6.jpg 600w, https:\/\/www.parrocchiadoberdo.it\/wp-content\/uploads\/2019\/10\/parrocchi-adoberdo-6-300x150.jpg 300w\" sizes=\"(max-width: 600px) 100vw, 600px\" \/>\t\t\t\t\t\t\t\t\t\t\t\t\t\t<\/div>\n\t\t\t<\/div>\n\t\t\t\t\t<div class=\"eltdf-ig-image eltdf-item-space\">\n\t\t\t\t<div class=\"eltdf-ig-image-inner\">\n\t\t\t\t\t<img loading=\"lazy\" decoding=\"async\" width=\"600\" height=\"300\" src=\"https:\/\/www.parrocchiadoberdo.it\/wp-content\/uploads\/2019\/10\/parrocchi-adoberdo-4.jpg\" class=\"attachment-full size-full\" alt=\"\" srcset=\"https:\/\/www.parrocchiadoberdo.it\/wp-content\/uploads\/2019\/10\/parrocchi-adoberdo-4.jpg 600w, https:\/\/www.parrocchiadoberdo.it\/wp-content\/uploads\/2019\/10\/parrocchi-adoberdo-4-300x150.jpg 300w\" sizes=\"(max-width: 600px) 100vw, 600px\" \/>\t\t\t\t\t\t\t\t\t\t\t\t\t\t<\/div>\n\t\t\t<\/div>\n\t\t\t\t\t<div class=\"eltdf-ig-image eltdf-item-space\">\n\t\t\t\t<div class=\"eltdf-ig-image-inner\">\n\t\t\t\t\t<img loading=\"lazy\" decoding=\"async\" width=\"600\" height=\"300\" src=\"https:\/\/www.parrocchiadoberdo.it\/wp-content\/uploads\/2019\/10\/parrocchi-adoberdo-1.jpg\" class=\"attachment-full size-full\" alt=\"\" srcset=\"https:\/\/www.parrocchiadoberdo.it\/wp-content\/uploads\/2019\/10\/parrocchi-adoberdo-1.jpg 600w, https:\/\/www.parrocchiadoberdo.it\/wp-content\/uploads\/2019\/10\/parrocchi-adoberdo-1-300x150.jpg 300w\" sizes=\"(max-width: 600px) 100vw, 600px\" \/>\t\t\t\t\t\t\t\t\t\t\t\t\t\t<\/div>\n\t\t\t<\/div>\n\t\t\t\t\t<div class=\"eltdf-ig-image eltdf-item-space\">\n\t\t\t\t<div class=\"eltdf-ig-image-inner\">\n\t\t\t\t\t<img loading=\"lazy\" decoding=\"async\" width=\"600\" height=\"300\" src=\"https:\/\/www.parrocchiadoberdo.it\/wp-content\/uploads\/2019\/10\/parrocchi-adoberdo-3.jpg\" class=\"attachment-full size-full\" alt=\"\" srcset=\"https:\/\/www.parrocchiadoberdo.it\/wp-content\/uploads\/2019\/10\/parrocchi-adoberdo-3.jpg 600w, https:\/\/www.parrocchiadoberdo.it\/wp-content\/uploads\/2019\/10\/parrocchi-adoberdo-3-300x150.jpg 300w\" sizes=\"(max-width: 600px) 100vw, 600px\" \/>\t\t\t\t\t\t\t\t\t\t\t\t\t\t<\/div>\n\t\t\t<\/div>\n\t\t\t<\/div>\n<\/div>[\/vc_column][\/vc_row]<\/p>\n","protected":false},"excerpt":{"rendered":"<p>[vc_row css=&#8221;.vc_custom_1630683055843{margin-top: 40px !important;}&#8221;][vc_column width=&#8221;1\/2&#8243;][vc_column_text] \u017dupnijska cerkev sv. Martina \u2013 Doberdob Na Kras so prvi Slovani verjetno pri\u0161li ob vdoru langobardskega kralja Alboina v severno Italijo aprila 568. Ali so se tedaj tudi za stalno naselili, so razli\u010dna mnenja, kot so tudi razli\u010dna mnenja, ali je ozemlje bilo \u017ee naseljeno ali ne. Doberdob je najprej spadal pod benediktinsko opatijo \u0160tivan. Od tu so na\u0161i predniki dobivali prvi nauk o veri in gospodarstvu. Menihi so ve\u010dinoma bili Francozi, so pa znali [&hellip;]<\/p>\n","protected":false},"author":2,"featured_media":0,"parent":0,"menu_order":0,"comment_status":"closed","ping_status":"closed","template":"","meta":{"footnotes":""},"_links":{"self":[{"href":"https:\/\/www.parrocchiadoberdo.it\/sl\/wp-json\/wp\/v2\/pages\/2919"}],"collection":[{"href":"https:\/\/www.parrocchiadoberdo.it\/sl\/wp-json\/wp\/v2\/pages"}],"about":[{"href":"https:\/\/www.parrocchiadoberdo.it\/sl\/wp-json\/wp\/v2\/types\/page"}],"author":[{"embeddable":true,"href":"https:\/\/www.parrocchiadoberdo.it\/sl\/wp-json\/wp\/v2\/users\/2"}],"replies":[{"embeddable":true,"href":"https:\/\/www.parrocchiadoberdo.it\/sl\/wp-json\/wp\/v2\/comments?post=2919"}],"version-history":[{"count":11,"href":"https:\/\/www.parrocchiadoberdo.it\/sl\/wp-json\/wp\/v2\/pages\/2919\/revisions"}],"predecessor-version":[{"id":3442,"href":"https:\/\/www.parrocchiadoberdo.it\/sl\/wp-json\/wp\/v2\/pages\/2919\/revisions\/3442"}],"wp:attachment":[{"href":"https:\/\/www.parrocchiadoberdo.it\/sl\/wp-json\/wp\/v2\/media?parent=2919"}],"curies":[{"name":"wp","href":"https:\/\/api.w.org\/{rel}","templated":true}]}}