{"id":3338,"date":"2021-09-03T11:58:56","date_gmt":"2021-09-03T09:58:56","guid":{"rendered":"https:\/\/www.parrocchiadoberdo.it\/?page_id=3338"},"modified":"2024-01-19T15:35:25","modified_gmt":"2024-01-19T14:35:25","slug":"jamlje","status":"publish","type":"page","link":"https:\/\/www.parrocchiadoberdo.it\/sl\/jamlje\/","title":{"rendered":"Jamlje"},"content":{"rendered":"<p>[vc_row][vc_column width=&#8221;1\/2&#8243;]<div class=\"eltdf-section-title-holder  \" >\n\t<div class=\"eltdf-st-inner\">\n\t\t\t\t\t\t\t<h3 class=\"eltdf-st-title\" >\n\t\t\t\t\u017dupnija Jamlje\t\t\t<\/h3>\n\t\t\t\t\t\t\t\t\t<p class=\"eltdf-st-text\" >\n\t\t\t\tJamlje so prvi\u010d omenjene leta 1325. Stara cerkev je bila ob sedanjem pokopali\u0161\u010du, kjer so \u0161e vidne njene razvaline, in je bila posve\u010dena sv. Kri\u017eu. V letih od 1853 do 1856 so tedanjo razpadajo\u010do cerkev obnovili. Imela je stranski oltar posve\u010den sv. Antonu Padovanskemu, zato so sklenili, da bo on va\u0161ki zavetnik.<br \/>\nVas so najprej duhovno oskrbovali menihi iz \u0160tivana, pozneje pa kaplani iz Devina. Tedanje \u017eupni\u0161\u010de so sezidali leta 1869 in \u017ee leta 1870 se je vanj vselil prvi jameljski duhovnik \u2013 vikar Jo\u017ee Durjava, ki je bil tudi uradno imenovan za prvega jameljskega u\u010ditelja.<br \/>\nV prvi svetovni vojni sta bili cerkev in vas poru\u0161eni. Novi del vasi je nastal ob cesti, ki povezuje Trst z Gorico. Sedanjo cerkev so dogradili leta 1925 v novem delu vasi. Leta 1968 je bilo dograjeno \u017eupni\u0161\u010de. 15. septembra 1947 je pri\u0161lo do razmejitve med Italijo in Jugoslavijo. Tedaj so k \u017eupniji Jamlje priklju\u010dili tudi zaselke v Dolu, ki so do tedaj spadali pod \u017eupnijo Opatje selo. Jamlje so postale samostojna \u017eupnija leta 1952. \u017dupnija ima okrog 460 prebivalcev. Bogoslu\u017eje je v slovenskem jeziku.<br \/>\nNa pro\u010delju zvonika je v ni\u0161i mozaik svetogorske Marije, v lopi pred vhodom pa znameniti verz bl. \u0161kofa Antona Martina Slom\u0161ka. Na \u0161tirih kolonah lope so upodobljene \u017eivalske figure, ki ponazarjajo apokalipti\u010dna sporo\u010dila. Glavni oltar krasi leseni kip sv. Antona Padovanskega, ki predstavlja svetnika kot cerkvenega u\u010ditelja, kar je redkost pri njegovi upodobitvi. Obi\u010dajno je sv. Anton iz Padove upodobljen z detetom Jezusom v naro\u010dju. Kip je bil restavriran leta 2006. Spominski kri\u017e na glavnem oltarju je bil postavljen leta 2005 v spomin na 80. obletnico blagoslovitve cerkve. Na steni sta dve sliki: Marija, zavetnica Jamelj, in bla\u017eeni Anton Martin Slom\u0161ek. Kri\u017eev pot v \u017egani glini je izdelala akad. kip. Liza Hribarjeva iz Ljubljane. V zvoniku so trije zvonovi.<br \/>\n\t\t\t<\/p>\n\t\t\t\t\t<\/div>\n<\/div>[\/vc_column][vc_column width=&#8221;1\/2&#8243;][vc_single_image image=&#8221;3432&#8243; img_size=&#8221;full&#8221; css=&#8221;.vc_custom_1632474600457{margin-top: 30px !important;}&#8221;][\/vc_column][\/vc_row][vc_row][vc_column][vc_empty_space height=&#8221;60px&#8221;]<div class=\"eltdf-image-gallery eltdf-grid-list eltdf-disable-bottom-space  eltdf-ig-grid-type eltdf-four-columns eltdf-no-space eltdf-has-shadow eltdf-image-behavior-grayscale eltdf-navigation-numbers   \">\n\t<div class=\"eltdf-ig-inner eltdf-outer-space\">\n\t\t\t\t\t<div class=\"eltdf-ig-image eltdf-item-space\">\n\t\t\t\t<div class=\"eltdf-ig-image-inner\">\n\t\t\t\t\t<img loading=\"lazy\" decoding=\"async\" width=\"600\" height=\"300\" src=\"https:\/\/www.parrocchiadoberdo.it\/wp-content\/uploads\/2019\/10\/parrocchi-adoberdo-6.jpg\" class=\"attachment-full size-full\" alt=\"\" srcset=\"https:\/\/www.parrocchiadoberdo.it\/wp-content\/uploads\/2019\/10\/parrocchi-adoberdo-6.jpg 600w, https:\/\/www.parrocchiadoberdo.it\/wp-content\/uploads\/2019\/10\/parrocchi-adoberdo-6-300x150.jpg 300w\" sizes=\"(max-width: 600px) 100vw, 600px\" \/>\t\t\t\t\t\t\t\t\t\t\t\t\t\t<\/div>\n\t\t\t<\/div>\n\t\t\t\t\t<div class=\"eltdf-ig-image eltdf-item-space\">\n\t\t\t\t<div class=\"eltdf-ig-image-inner\">\n\t\t\t\t\t<img loading=\"lazy\" decoding=\"async\" width=\"600\" height=\"300\" src=\"https:\/\/www.parrocchiadoberdo.it\/wp-content\/uploads\/2019\/10\/parrocchi-adoberdo-4.jpg\" class=\"attachment-full size-full\" alt=\"\" srcset=\"https:\/\/www.parrocchiadoberdo.it\/wp-content\/uploads\/2019\/10\/parrocchi-adoberdo-4.jpg 600w, https:\/\/www.parrocchiadoberdo.it\/wp-content\/uploads\/2019\/10\/parrocchi-adoberdo-4-300x150.jpg 300w\" sizes=\"(max-width: 600px) 100vw, 600px\" \/>\t\t\t\t\t\t\t\t\t\t\t\t\t\t<\/div>\n\t\t\t<\/div>\n\t\t\t\t\t<div class=\"eltdf-ig-image eltdf-item-space\">\n\t\t\t\t<div class=\"eltdf-ig-image-inner\">\n\t\t\t\t\t<img loading=\"lazy\" decoding=\"async\" width=\"600\" height=\"300\" src=\"https:\/\/www.parrocchiadoberdo.it\/wp-content\/uploads\/2019\/10\/parrocchi-adoberdo-1.jpg\" class=\"attachment-full size-full\" alt=\"\" srcset=\"https:\/\/www.parrocchiadoberdo.it\/wp-content\/uploads\/2019\/10\/parrocchi-adoberdo-1.jpg 600w, https:\/\/www.parrocchiadoberdo.it\/wp-content\/uploads\/2019\/10\/parrocchi-adoberdo-1-300x150.jpg 300w\" sizes=\"(max-width: 600px) 100vw, 600px\" \/>\t\t\t\t\t\t\t\t\t\t\t\t\t\t<\/div>\n\t\t\t<\/div>\n\t\t\t\t\t<div class=\"eltdf-ig-image eltdf-item-space\">\n\t\t\t\t<div class=\"eltdf-ig-image-inner\">\n\t\t\t\t\t<img loading=\"lazy\" decoding=\"async\" width=\"600\" height=\"300\" src=\"https:\/\/www.parrocchiadoberdo.it\/wp-content\/uploads\/2019\/10\/parrocchi-adoberdo-3.jpg\" class=\"attachment-full size-full\" alt=\"\" srcset=\"https:\/\/www.parrocchiadoberdo.it\/wp-content\/uploads\/2019\/10\/parrocchi-adoberdo-3.jpg 600w, https:\/\/www.parrocchiadoberdo.it\/wp-content\/uploads\/2019\/10\/parrocchi-adoberdo-3-300x150.jpg 300w\" sizes=\"(max-width: 600px) 100vw, 600px\" \/>\t\t\t\t\t\t\t\t\t\t\t\t\t\t<\/div>\n\t\t\t<\/div>\n\t\t\t<\/div>\n<\/div>[\/vc_column][\/vc_row]<\/p>\n","protected":false},"excerpt":{"rendered":"<p>[vc_row][vc_column width=&#8221;1\/2&#8243;][\/vc_column][vc_column width=&#8221;1\/2&#8243;][vc_single_image image=&#8221;3432&#8243; img_size=&#8221;full&#8221; css=&#8221;.vc_custom_1632474600457{margin-top: 30px !important;}&#8221;][\/vc_column][\/vc_row][vc_row][vc_column][vc_empty_space height=&#8221;60px&#8221;][\/vc_column][\/vc_row]<\/p>\n","protected":false},"author":2,"featured_media":0,"parent":0,"menu_order":0,"comment_status":"closed","ping_status":"closed","template":"","meta":{"footnotes":""},"_links":{"self":[{"href":"https:\/\/www.parrocchiadoberdo.it\/sl\/wp-json\/wp\/v2\/pages\/3338"}],"collection":[{"href":"https:\/\/www.parrocchiadoberdo.it\/sl\/wp-json\/wp\/v2\/pages"}],"about":[{"href":"https:\/\/www.parrocchiadoberdo.it\/sl\/wp-json\/wp\/v2\/types\/page"}],"author":[{"embeddable":true,"href":"https:\/\/www.parrocchiadoberdo.it\/sl\/wp-json\/wp\/v2\/users\/2"}],"replies":[{"embeddable":true,"href":"https:\/\/www.parrocchiadoberdo.it\/sl\/wp-json\/wp\/v2\/comments?post=3338"}],"version-history":[{"count":4,"href":"https:\/\/www.parrocchiadoberdo.it\/sl\/wp-json\/wp\/v2\/pages\/3338\/revisions"}],"predecessor-version":[{"id":3437,"href":"https:\/\/www.parrocchiadoberdo.it\/sl\/wp-json\/wp\/v2\/pages\/3338\/revisions\/3437"}],"wp:attachment":[{"href":"https:\/\/www.parrocchiadoberdo.it\/sl\/wp-json\/wp\/v2\/media?parent=3338"}],"curies":[{"name":"wp","href":"https:\/\/api.w.org\/{rel}","templated":true}]}}